{"id":3,"date":"2025-07-23T15:25:01","date_gmt":"2025-07-23T13:25:01","guid":{"rendered":"https:\/\/www.biartekomugi.eus\/?page_id=3"},"modified":"2025-09-26T12:09:44","modified_gmt":"2025-09-26T10:09:44","slug":"politica-privacidad","status":"publish","type":"page","link":"https:\/\/www.biartekomugi.eus\/eu\/politica-privacidad\/","title":{"rendered":"Pribatutasun politika"},"content":{"rendered":"<div data-elementor-type=\"wp-page\" data-elementor-id=\"3\" class=\"elementor elementor-3\">\n\t\t\t\t<div class=\"elementor-element elementor-element-115aafbb e-flex e-con-boxed e-con e-parent\" data-id=\"115aafbb\" data-element_type=\"container\" data-e-type=\"container\" data-settings=\"{&quot;section_wpkoi_tricks_particles&quot;:&quot;false&quot;}\">\n\t\t\t\t\t<div class=\"e-con-inner\">\n\t\t\t\t<div class=\"elementor-element elementor-element-53fe26a2 elementor-widget elementor-widget-text-editor\" data-id=\"53fe26a2\" data-element_type=\"widget\" data-e-type=\"widget\" data-widget_type=\"text-editor.default\">\n\t\t\t\t\t\t\t\t\t\n<h2 class=\"wp-block-heading\">Datu pertsonalen babesa<\/h2>\n\n<p>Hainbatetan, erabiltzaileak zenbait datu pertsonal eman liezaioke enpresari, eta enpresak automatikoki administra lezake. Hori dela-eta, datuen titularrak berariazko baimena ematen dio Aranzadi Zientzi Elkarteari emandako datu pertsonalak informatikoki tratatu eta datu basean sartzeko.<\/p>\n\n<p>Titularrak Aranzadi Zientzi Elkartearen datu baseetan dauden bere datu pertsonalak eskuratu, zuzendu eta bertan behera uzteko eskubidea du, baita haien aurka egotekoa ere.<\/p>\n\n<p>Eskubide horiek Aranzadi Zientzi Elkartearekiko edozein komunikabideren bitartez erabil ditzake (helbidea: Zorroagagaina kalea 11 E, 20014, Donostia).<\/p>\n\n<p>Halaber, emandako datu pertsonalak aurrez aipatutako beharrei erantzuteko beharrezkoak diren hirugarren enpresei emateko baimena ematen dio Aranzadi Zientzi Elkarteari.<\/p>\n\n<p>Datu pertsonalak guztiz babestuta daude, Datu Pertsonalak Babesteari buruzko abenduaren 13ko 15\/1999 Lege Organikoarekin bat.<\/p>\n\n<p>Datuak biltzeko formularioetan, izartxoaz markatutako eremuak nahitaez bete beharrekoak dira. Hortaz, erabiltzaileak ez baditu beharrezko datuak ematen, Aranzadi Zientzi Elkarteak zerbitzua ukatzeko eskubidea du.<\/p>\n\n<p>Dagokion formularioko \u201cBidali\u201d botoia sakatuz, erabiltzaileak berariazko baimena ematen du bere datuak erabil daitezen, posta elektroniko bitartez edo bestela mezu komertzialak bidaltzeko.<\/p>\n\n<h2 class=\"wp-block-heading\">Aplika daitekeen legedia<\/h2>\n\n<p>Honako lege ohar hau eta haren ondorioak une bakoitzean indarrean dagoen Espainiako legediak arautzen ditu betiere.<\/p>\n\t\t\t\t\t\t\t\t<\/div>\n\t\t\t\t\t<\/div>\n\t\t\t\t<\/div>\n\t\t\t\t<\/div>","protected":false},"excerpt":{"rendered":"<p>Protecci\u00f3n de datos de car\u00e1cter personal En los casos en los que el usuario proporcionara a la Empresa ciertos datos de car\u00e1cter personal que la empresa podr\u00e1 administrar automatizadamente o no, por ello el titular de los datos autoriza expresamente a la Sociedad de Ciencias Aranzadi a tratar inform\u00e1ticamente los datos personales suscritos y a [&hellip;]<\/p>\n","protected":false},"author":1,"featured_media":0,"parent":0,"menu_order":0,"comment_status":"closed","ping_status":"open","template":"","meta":{"footnotes":""},"class_list":["post-3","page","type-page","status-publish"],"_links":{"self":[{"href":"https:\/\/www.biartekomugi.eus\/eu\/wp-json\/wp\/v2\/page\/3","targetHints":{"allow":["GET"]}}],"collection":[{"href":"https:\/\/www.biartekomugi.eus\/eu\/wp-json\/wp\/v2\/page"}],"about":[{"href":"https:\/\/www.biartekomugi.eus\/eu\/wp-json\/wp\/v2\/types\/page"}],"author":[{"embeddable":true,"href":"https:\/\/www.biartekomugi.eus\/eu\/wp-json\/wp\/v2\/users\/1"}],"replies":[{"embeddable":true,"href":"https:\/\/www.biartekomugi.eus\/eu\/wp-json\/wp\/v2\/comments?post=3"}],"version-history":[{"count":7,"href":"https:\/\/www.biartekomugi.eus\/eu\/wp-json\/wp\/v2\/page\/3\/revisions"}],"predecessor-version":[{"id":664,"href":"https:\/\/www.biartekomugi.eus\/eu\/wp-json\/wp\/v2\/page\/3\/revisions\/664"}],"wp:attachment":[{"href":"https:\/\/www.biartekomugi.eus\/eu\/wp-json\/wp\/v2\/media?parent=3"}],"curies":[{"name":"wp","href":"https:\/\/api.w.org\/{rel}","templated":true}]}}